{"id":26,"date":"2017-03-07T15:21:10","date_gmt":"2017-03-07T14:21:10","guid":{"rendered":"http:\/\/aidasac.info\/?page_id=26"},"modified":"2021-09-19T18:41:19","modified_gmt":"2021-09-19T16:41:19","slug":"qui-suis-je-gerard-philipps","status":"publish","type":"page","link":"https:\/\/aidasac.info\/index.php\/accueil\/qui-suis-je-gerard-philipps\/","title":{"rendered":"Qui suis-je ?"},"content":{"rendered":"<h2><\/h2>\n<p style=\"text-align: center;\"><img decoding=\"async\" class=\"alignnone wp-image-281\" src=\"https:\/\/aidasac.info\/wp-content\/uploads\/2017\/03\/gerard_philipps-300x300.jpg\" alt=\"G\u00e9rard Philipps\" width=\"207\" height=\"207\" srcset=\"https:\/\/aidasac.info\/wp-content\/uploads\/2017\/03\/gerard_philipps-300x300.jpg 300w, https:\/\/aidasac.info\/wp-content\/uploads\/2017\/03\/gerard_philipps-150x150.jpg 150w, https:\/\/aidasac.info\/wp-content\/uploads\/2017\/03\/gerard_philipps-768x768.jpg 768w, https:\/\/aidasac.info\/wp-content\/uploads\/2017\/03\/gerard_philipps-1024x1024.jpg 1024w\" sizes=\"(max-width: 207px) 100vw, 207px\" \/><\/p>\n<p style=\"text-align: left;\">Je m&rsquo;appelle G\u00e9rard Philipps, j&rsquo;ai travaill\u00e9 pendant 34 ans pour une grande entreprise qui diffuse les \u00e9missions de t\u00e9l\u00e9vision et de radio sur tout le territoire fran\u00e7ais (m\u00e9tropole et Outre-Mer).<\/p>\n<p style=\"text-align: left;\">Pendant toutes ces ann\u00e9es j&rsquo;ai \u00e9t\u00e9 amen\u00e9 a exercer plusieurs fonctions qui m&rsquo;ont amen\u00e9 \u00e0 faire de l&rsquo;informatique sous toutes ces formes (administration, r\u00e9seau, d\u00e9veloppement,technologies du Web) en parall\u00e8le j&rsquo;ai \u00e9galement travaill\u00e9 sur la TNT (T\u00e9l\u00e9vision Num\u00e9rique de Terre).<\/p>\n<p style=\"text-align: left;\">Je suis actuellement en cong\u00e9s de fin de carri\u00e8re. Je propose mon aide aux particuliers, associations, aux auto-entrepreneurs et aux petites entreprises.<\/p>\n<p>Depuis 2020, je suis \u00e9galement formateur au <a href=\"https:\/\/www.gretanet.com\/GRETA-CFA-Vaucluse.html\">Greta du Vaucluse<\/a>. J&rsquo;interviens dans la formation des techniciens en assistance informatique dans les domaines des syst\u00e8mes d&rsquo;exploitation et du r\u00e9seau.<\/p>\n<p style=\"text-align: left;\">Je peux vous aider \u00e0 r\u00e9soudre vos probl\u00e8mes li\u00e9s \u00e0 l&rsquo;informatique, je peux vous assister dans vos choix d&rsquo;architecture et d&rsquo;achats vous accompagner dans la configuration du mat\u00e9riel et du logiciel et vous former.<\/p>\n<p style=\"text-align: left;\">Je peux \u00e9galement cr\u00e9er votre site internet et assurer votre r\u00e9f\u00e9rencement sur les moteurs de recherche.<\/p>\n<p style=\"text-align: left;\">D\u00e9couvrez l&rsquo;ensemble des prestations que je peux vous fournir en cliquant <a href=\"http:\/\/aidasac.info\/index.php\/accueil\/mes-prestations\/\">ici<\/a>.<\/p>\n<p>Les plus que je peux vous apporter sont:<\/p>\n<ul>\n<li>la proximit\u00e9, mon rayon action est le Vaucluse et ses environs.<\/li>\n<li>le suivi,contrairement aux grosses structures mes liens avec mes clients sont plus personnels et donc mes services plus personnalis\u00e9s.<\/li>\n<\/ul>\n<p style=\"text-align: left;\">Pour me contacter vous pouvez m&rsquo;\u00e9crire \u00e0 l&rsquo; adresse : <a href=\"mailto:contact@aidasac.info\">contact@aidasac.info\u00a0 <\/a><\/p>\n<p style=\"text-align: left;\">Vous pouvez \u00e9galement utiliser le formulaire qui se trouve sur la page <a href=\"https:\/\/aidasac.info\/index.php\/home\/contactez-moi\/\">\u00ab\u00a0contactez-moi\u00a0\u00bb<\/a><\/p>\n<p style=\"text-align: left;\">A bient\u00f4t!<\/p>\n<p>Web@ssistance 84\u00a0\u00a0\u00a0\u00a0 N\u00b0 SIRET: 828 658 575 000 18<\/p>\n","protected":false},"excerpt":{"rendered":"<p>Je m&rsquo;appelle G\u00e9rard Philipps, j&rsquo;ai travaill\u00e9 pendant 34 ans pour une grande entreprise qui diffuse les \u00e9missions de t\u00e9l\u00e9vision et de radio sur tout le territoire fran\u00e7ais (m\u00e9tropole et Outre-Mer). Pendant toutes ces ann\u00e9es j&rsquo;ai \u00e9t\u00e9 amen\u00e9 a exercer plusieurs fonctions qui m&rsquo;ont amen\u00e9 \u00e0 faire de l&rsquo;informatique sous toutes<a href=\"https:\/\/aidasac.info\/index.php\/accueil\/qui-suis-je-gerard-philipps\/\" class=\"read-more\">Read More<\/a><\/p>\n","protected":false},"author":1,"featured_media":0,"parent":92,"menu_order":0,"comment_status":"closed","ping_status":"closed","template":"fullwidth.php","meta":{"footnotes":""},"class_list":["post-26","page","type-page","status-publish","hentry"],"yoast_head":"<!-- This site is optimized with the Yoast SEO plugin v25.8 - https:\/\/yoast.com\/wordpress\/plugins\/seo\/ -->\n<title>Qui suis-je ? - Web@ssistance 84 - G\u00e9rard Philipps<\/title>\n<meta name=\"description\" content=\"aide informatique, cr\u00e9ation sites internet, formation informatique, formation internet, aide \u00e0 la personne en informatique, 84, Avignon, Vaucluse\" \/>\n<meta name=\"robots\" content=\"index, follow, max-snippet:-1, max-image-preview:large, max-video-preview:-1\" \/>\n<link rel=\"canonical\" href=\"https:\/\/aidasac.info\/index.php\/accueil\/qui-suis-je-gerard-philipps\/\" \/>\n<meta property=\"og:locale\" content=\"fr_FR\" \/>\n<meta property=\"og:type\" content=\"article\" \/>\n<meta property=\"og:title\" content=\"Qui suis-je ? - Web@ssistance 84 - G\u00e9rard Philipps\" \/>\n<meta property=\"og:description\" content=\"aide informatique, cr\u00e9ation sites internet, formation informatique, formation internet, aide \u00e0 la personne en informatique, 84, Avignon, Vaucluse\" \/>\n<meta property=\"og:url\" content=\"https:\/\/aidasac.info\/index.php\/accueil\/qui-suis-je-gerard-philipps\/\" \/>\n<meta property=\"og:site_name\" content=\"Web@ssistance 84\" \/>\n<meta property=\"article:publisher\" content=\"https:\/\/www.facebook.com\/webassistance84\/\" \/>\n<meta property=\"article:modified_time\" content=\"2021-09-19T16:41:19+00:00\" \/>\n<meta property=\"og:image\" content=\"https:\/\/aidasac.info\/wp-content\/uploads\/2017\/03\/gerard_philipps-300x300.jpg\" \/>\n<meta name=\"twitter:card\" content=\"summary_large_image\" \/>\n<meta name=\"twitter:label1\" content=\"Dur\u00e9e de lecture estim\u00e9e\" \/>\n\t<meta name=\"twitter:data1\" content=\"1 minute\" \/>\n<script type=\"application\/ld+json\" class=\"yoast-schema-graph\">{\"@context\":\"https:\/\/schema.org\",\"@graph\":[{\"@type\":\"WebPage\",\"@id\":\"https:\/\/aidasac.info\/index.php\/accueil\/qui-suis-je-gerard-philipps\/\",\"url\":\"https:\/\/aidasac.info\/index.php\/accueil\/qui-suis-je-gerard-philipps\/\",\"name\":\"Qui suis-je ? - Web@ssistance 84 - G\u00e9rard Philipps\",\"isPartOf\":{\"@id\":\"https:\/\/aidasac.info\/#website\"},\"primaryImageOfPage\":{\"@id\":\"https:\/\/aidasac.info\/index.php\/accueil\/qui-suis-je-gerard-philipps\/#primaryimage\"},\"image\":{\"@id\":\"https:\/\/aidasac.info\/index.php\/accueil\/qui-suis-je-gerard-philipps\/#primaryimage\"},\"thumbnailUrl\":\"https:\/\/aidasac.info\/wp-content\/uploads\/2017\/03\/gerard_philipps-300x300.jpg\",\"datePublished\":\"2017-03-07T14:21:10+00:00\",\"dateModified\":\"2021-09-19T16:41:19+00:00\",\"description\":\"aide informatique, cr\u00e9ation sites internet, formation informatique, formation internet, aide \u00e0 la personne en informatique, 84, Avignon, Vaucluse\",\"breadcrumb\":{\"@id\":\"https:\/\/aidasac.info\/index.php\/accueil\/qui-suis-je-gerard-philipps\/#breadcrumb\"},\"inLanguage\":\"fr-FR\",\"potentialAction\":[{\"@type\":\"ReadAction\",\"target\":[\"https:\/\/aidasac.info\/index.php\/accueil\/qui-suis-je-gerard-philipps\/\"]}]},{\"@type\":\"ImageObject\",\"inLanguage\":\"fr-FR\",\"@id\":\"https:\/\/aidasac.info\/index.php\/accueil\/qui-suis-je-gerard-philipps\/#primaryimage\",\"url\":\"https:\/\/aidasac.info\/wp-content\/uploads\/2017\/03\/gerard_philipps.jpg\",\"contentUrl\":\"https:\/\/aidasac.info\/wp-content\/uploads\/2017\/03\/gerard_philipps.jpg\",\"width\":2448,\"height\":2448},{\"@type\":\"BreadcrumbList\",\"@id\":\"https:\/\/aidasac.info\/index.php\/accueil\/qui-suis-je-gerard-philipps\/#breadcrumb\",\"itemListElement\":[{\"@type\":\"ListItem\",\"position\":1,\"name\":\"Accueil\",\"item\":\"https:\/\/aidasac.info\/\"},{\"@type\":\"ListItem\",\"position\":2,\"name\":\"Accueil\",\"item\":\"https:\/\/aidasac.info\/index.php\/accueil\/\"},{\"@type\":\"ListItem\",\"position\":3,\"name\":\"Qui suis-je ?\"}]},{\"@type\":\"WebSite\",\"@id\":\"https:\/\/aidasac.info\/#website\",\"url\":\"https:\/\/aidasac.info\/\",\"name\":\"Web@ssistance 84\",\"description\":\"Assistance et formation informatique, cr\u00e9ation de sites internet en Vaucluse\",\"publisher\":{\"@id\":\"https:\/\/aidasac.info\/#organization\"},\"potentialAction\":[{\"@type\":\"SearchAction\",\"target\":{\"@type\":\"EntryPoint\",\"urlTemplate\":\"https:\/\/aidasac.info\/?s={search_term_string}\"},\"query-input\":{\"@type\":\"PropertyValueSpecification\",\"valueRequired\":true,\"valueName\":\"search_term_string\"}}],\"inLanguage\":\"fr-FR\"},{\"@type\":\"Organization\",\"@id\":\"https:\/\/aidasac.info\/#organization\",\"name\":\"Web@ssistance 84\",\"url\":\"https:\/\/aidasac.info\/\",\"logo\":{\"@type\":\"ImageObject\",\"inLanguage\":\"fr-FR\",\"@id\":\"https:\/\/aidasac.info\/#\/schema\/logo\/image\/\",\"url\":\"https:\/\/aidasac.info\/wp-content\/uploads\/2017\/09\/cropped-logo_pc_croix_rouge_6-2.png\",\"contentUrl\":\"https:\/\/aidasac.info\/wp-content\/uploads\/2017\/09\/cropped-logo_pc_croix_rouge_6-2.png\",\"width\":512,\"height\":512,\"caption\":\"Web@ssistance 84\"},\"image\":{\"@id\":\"https:\/\/aidasac.info\/#\/schema\/logo\/image\/\"},\"sameAs\":[\"https:\/\/www.facebook.com\/webassistance84\/\"]}]}<\/script>\n<!-- \/ Yoast SEO plugin. -->","yoast_head_json":{"title":"Qui suis-je ? - Web@ssistance 84 - G\u00e9rard Philipps","description":"aide informatique, cr\u00e9ation sites internet, formation informatique, formation internet, aide \u00e0 la personne en informatique, 84, Avignon, Vaucluse","robots":{"index":"index","follow":"follow","max-snippet":"max-snippet:-1","max-image-preview":"max-image-preview:large","max-video-preview":"max-video-preview:-1"},"canonical":"https:\/\/aidasac.info\/index.php\/accueil\/qui-suis-je-gerard-philipps\/","og_locale":"fr_FR","og_type":"article","og_title":"Qui suis-je ? - Web@ssistance 84 - G\u00e9rard Philipps","og_description":"aide informatique, cr\u00e9ation sites internet, formation informatique, formation internet, aide \u00e0 la personne en informatique, 84, Avignon, Vaucluse","og_url":"https:\/\/aidasac.info\/index.php\/accueil\/qui-suis-je-gerard-philipps\/","og_site_name":"Web@ssistance 84","article_publisher":"https:\/\/www.facebook.com\/webassistance84\/","article_modified_time":"2021-09-19T16:41:19+00:00","og_image":[{"url":"https:\/\/aidasac.info\/wp-content\/uploads\/2017\/03\/gerard_philipps-300x300.jpg","type":"","width":"","height":""}],"twitter_card":"summary_large_image","twitter_misc":{"Dur\u00e9e de lecture estim\u00e9e":"1 minute"},"schema":{"@context":"https:\/\/schema.org","@graph":[{"@type":"WebPage","@id":"https:\/\/aidasac.info\/index.php\/accueil\/qui-suis-je-gerard-philipps\/","url":"https:\/\/aidasac.info\/index.php\/accueil\/qui-suis-je-gerard-philipps\/","name":"Qui suis-je ? - Web@ssistance 84 - G\u00e9rard Philipps","isPartOf":{"@id":"https:\/\/aidasac.info\/#website"},"primaryImageOfPage":{"@id":"https:\/\/aidasac.info\/index.php\/accueil\/qui-suis-je-gerard-philipps\/#primaryimage"},"image":{"@id":"https:\/\/aidasac.info\/index.php\/accueil\/qui-suis-je-gerard-philipps\/#primaryimage"},"thumbnailUrl":"https:\/\/aidasac.info\/wp-content\/uploads\/2017\/03\/gerard_philipps-300x300.jpg","datePublished":"2017-03-07T14:21:10+00:00","dateModified":"2021-09-19T16:41:19+00:00","description":"aide informatique, cr\u00e9ation sites internet, formation informatique, formation internet, aide \u00e0 la personne en informatique, 84, Avignon, Vaucluse","breadcrumb":{"@id":"https:\/\/aidasac.info\/index.php\/accueil\/qui-suis-je-gerard-philipps\/#breadcrumb"},"inLanguage":"fr-FR","potentialAction":[{"@type":"ReadAction","target":["https:\/\/aidasac.info\/index.php\/accueil\/qui-suis-je-gerard-philipps\/"]}]},{"@type":"ImageObject","inLanguage":"fr-FR","@id":"https:\/\/aidasac.info\/index.php\/accueil\/qui-suis-je-gerard-philipps\/#primaryimage","url":"https:\/\/aidasac.info\/wp-content\/uploads\/2017\/03\/gerard_philipps.jpg","contentUrl":"https:\/\/aidasac.info\/wp-content\/uploads\/2017\/03\/gerard_philipps.jpg","width":2448,"height":2448},{"@type":"BreadcrumbList","@id":"https:\/\/aidasac.info\/index.php\/accueil\/qui-suis-je-gerard-philipps\/#breadcrumb","itemListElement":[{"@type":"ListItem","position":1,"name":"Accueil","item":"https:\/\/aidasac.info\/"},{"@type":"ListItem","position":2,"name":"Accueil","item":"https:\/\/aidasac.info\/index.php\/accueil\/"},{"@type":"ListItem","position":3,"name":"Qui suis-je ?"}]},{"@type":"WebSite","@id":"https:\/\/aidasac.info\/#website","url":"https:\/\/aidasac.info\/","name":"Web@ssistance 84","description":"Assistance et formation informatique, cr\u00e9ation de sites internet en Vaucluse","publisher":{"@id":"https:\/\/aidasac.info\/#organization"},"potentialAction":[{"@type":"SearchAction","target":{"@type":"EntryPoint","urlTemplate":"https:\/\/aidasac.info\/?s={search_term_string}"},"query-input":{"@type":"PropertyValueSpecification","valueRequired":true,"valueName":"search_term_string"}}],"inLanguage":"fr-FR"},{"@type":"Organization","@id":"https:\/\/aidasac.info\/#organization","name":"Web@ssistance 84","url":"https:\/\/aidasac.info\/","logo":{"@type":"ImageObject","inLanguage":"fr-FR","@id":"https:\/\/aidasac.info\/#\/schema\/logo\/image\/","url":"https:\/\/aidasac.info\/wp-content\/uploads\/2017\/09\/cropped-logo_pc_croix_rouge_6-2.png","contentUrl":"https:\/\/aidasac.info\/wp-content\/uploads\/2017\/09\/cropped-logo_pc_croix_rouge_6-2.png","width":512,"height":512,"caption":"Web@ssistance 84"},"image":{"@id":"https:\/\/aidasac.info\/#\/schema\/logo\/image\/"},"sameAs":["https:\/\/www.facebook.com\/webassistance84\/"]}]}},"_links":{"self":[{"href":"https:\/\/aidasac.info\/index.php\/wp-json\/wp\/v2\/pages\/26","targetHints":{"allow":["GET"]}}],"collection":[{"href":"https:\/\/aidasac.info\/index.php\/wp-json\/wp\/v2\/pages"}],"about":[{"href":"https:\/\/aidasac.info\/index.php\/wp-json\/wp\/v2\/types\/page"}],"author":[{"embeddable":true,"href":"https:\/\/aidasac.info\/index.php\/wp-json\/wp\/v2\/users\/1"}],"replies":[{"embeddable":true,"href":"https:\/\/aidasac.info\/index.php\/wp-json\/wp\/v2\/comments?post=26"}],"version-history":[{"count":31,"href":"https:\/\/aidasac.info\/index.php\/wp-json\/wp\/v2\/pages\/26\/revisions"}],"predecessor-version":[{"id":802,"href":"https:\/\/aidasac.info\/index.php\/wp-json\/wp\/v2\/pages\/26\/revisions\/802"}],"up":[{"embeddable":true,"href":"https:\/\/aidasac.info\/index.php\/wp-json\/wp\/v2\/pages\/92"}],"wp:attachment":[{"href":"https:\/\/aidasac.info\/index.php\/wp-json\/wp\/v2\/media?parent=26"}],"curies":[{"name":"wp","href":"https:\/\/api.w.org\/{rel}","templated":true}]}}